{"id":474,"date":"2023-01-26T18:13:07","date_gmt":"2023-01-26T18:13:07","guid":{"rendered":"https:\/\/magarq.com\/?page_id=474"},"modified":"2023-01-26T18:17:35","modified_gmt":"2023-01-26T18:17:35","slug":"sobre","status":"publish","type":"page","link":"https:\/\/magarq.com\/?page_id=474","title":{"rendered":"Sobre"},"content":{"rendered":"<div class=\"bm-builder clearfix \"><div id=\"\" class=\"module col-4 module-id-1677246607758\" data-module-col=\"4\"><div class=\"module-inside single-image-inside\" style=\"--cornerRadius:0px 0px 0px 0px ; --top-mod: 0px;--bottom-mod: 40px;--top-mod-t: 0px;--bottom-mod-t: 40px;--top-mod-m:0px;--bottom-mod-m:20px;\" ><div class=\"single-image-out left-ux left-ux-m\"  ><figure class=\"single-image   single-image-notfull   \" no><div class=\"ux-hover-wrap anima-wrap\" style=\"padding-top: 125%;\"><span class=\"ux-hover-wrap-a\"><img loading=\"lazy\" decoding=\"async\" alt=\"mag_equipe\" class=\"single-image-img img1st lazy \" src=\"data:image\/gif;base64,R0lGODlhAQABAIAAAAAAAP\/\/\/yH5BAEAAAAALAAAAAABAAEAAAIBRAA7\" data-src=\"https:\/\/magarq.com\/wp-content\/uploads\/2023\/02\/FZ_D800E_0246-2-1-copiar.jpg\" data-srcset=\"https:\/\/magarq.com\/wp-content\/uploads\/2023\/02\/FZ_D800E_0246-2-1-copiar.jpg 2000w, https:\/\/magarq.com\/wp-content\/uploads\/2023\/02\/FZ_D800E_0246-2-1-copiar-240x300.jpg 240w, https:\/\/magarq.com\/wp-content\/uploads\/2023\/02\/FZ_D800E_0246-2-1-copiar-819x1024.jpg 819w, https:\/\/magarq.com\/wp-content\/uploads\/2023\/02\/FZ_D800E_0246-2-1-copiar-768x960.jpg 768w, https:\/\/magarq.com\/wp-content\/uploads\/2023\/02\/FZ_D800E_0246-2-1-copiar-1229x1536.jpg 1229w, https:\/\/magarq.com\/wp-content\/uploads\/2023\/02\/FZ_D800E_0246-2-1-copiar-1638x2048.jpg 1638w, https:\/\/magarq.com\/wp-content\/uploads\/2023\/02\/FZ_D800E_0246-2-1-copiar-350x438.jpg 350w, https:\/\/magarq.com\/wp-content\/uploads\/2023\/02\/FZ_D800E_0246-2-1-copiar-650x813.jpg 650w, https:\/\/magarq.com\/wp-content\/uploads\/2023\/02\/FZ_D800E_0246-2-1-copiar-1000x1250.jpg 1000w\" data-sizes=\"(max-width: 480px) 320px,(max-width: 767px) 500px,(max-width: 2000px) 100vw, 2000px\" width=\"2000\" height=\"2500\" \/><\/span><\/div><\/figure><\/div><\/div><\/div><div id=\"\" class=\"module col-7 module-id-1677246667360\" data-module-col=\"7\"><div class=\"module-inside text-inside\" style=\"--top-mod: 0px;--bottom-mod: 0px;--top-mod-t: 0px;--bottom-mod-t: 0px;--top-mod-m:0px;--bottom-mod-m:0px;\" ><div class=\"text_block_out\"  data-effect=\"standard\" style=\"\"><div class=\"text_block ux-mod-nobg\"><div class=\"text_block_inn\"><div id=\"text-1677246667360\" class=\"text_block_centered text_block_centered_enable_width\"  style=\"\"><h4 style=\"text-align: left;\"><strong>Sobre n\u00f3s<\/strong><\/h4>\n<p>&nbsp;<\/p>\n<p style=\"text-align: justify;\"><span style=\"font-weight: 400;\">Al\u00e9m de desenvolver projetos de arquitetura e de interiores, sob a lideran\u00e7a da arquiteta <strong>Fernanda Abarno Peres<\/strong> e do arquiteto <strong>Bernardo Carlomagno de Magalh\u00e3es<\/strong>, o escrit\u00f3rio desenvolve tamb\u00e9m projetos de arquitetura ef\u00eamera, expositiva e cenogr\u00e1fica.<\/span><\/p>\n<p>&nbsp;<\/p>\n<p style=\"text-align: justify;\"><span style=\"font-weight: 400;\">A Tupinikim presta consultoria em arte, contando com o expertise da artista pl\u00e1stica e curadora <strong>Anete Abarno<\/strong>, proporcionando aos seus clientes a possibilidade de orienta\u00e7\u00e3o na escolha e disposi\u00e7\u00e3o para incorporar arte em suas vidas.<\/span><\/p><\/div><\/div><\/div><\/div><\/div><\/div><div id=\"\" class=\"module col-11 module-id-1674757140797\" data-module-col=\"11\"><div class=\"module-inside single-image-inside\" style=\"--cornerRadius:0px 0px 0px 0px ; --top-mod: 0px;--bottom-mod: 0px;--top-mod-t: 0px;--bottom-mod-t: 0px;--top-mod-m:0px;--bottom-mod-m:0px;\" ><div class=\"single-image-out right-ux right-ux-m\"  ><figure class=\"single-image  bm-image-mouseover bm-gray-to-colored single-image-notfull   \" no><div class=\"ux-hover-wrap anima-wrap\" style=\"padding-top: 100%;\"><span class=\"ux-hover-wrap-a\"><img loading=\"lazy\" decoding=\"async\" alt=\"bernardo (1) copiar\" class=\"single-image-img img1st lazy grayscale\" src=\"data:image\/gif;base64,R0lGODlhAQABAIAAAAAAAP\/\/\/yH5BAEAAAAALAAAAAABAAEAAAIBRAA7\" data-src=\"https:\/\/magarq.com\/wp-content\/uploads\/2023\/02\/bernardo-1-copiar.jpg\" data-srcset=\"https:\/\/magarq.com\/wp-content\/uploads\/2023\/02\/bernardo-1-copiar.jpg 640w, https:\/\/magarq.com\/wp-content\/uploads\/2023\/02\/bernardo-1-copiar-300x300.jpg 300w, https:\/\/magarq.com\/wp-content\/uploads\/2023\/02\/bernardo-1-copiar-150x150.jpg 150w, https:\/\/magarq.com\/wp-content\/uploads\/2023\/02\/bernardo-1-copiar-350x350.jpg 350w\" data-sizes=\"(max-width: 480px) 320px,(max-width: 767px) 500px,(max-width: 640px) 100vw, 640px\" width=\"640\" height=\"640\" \/><\/span><\/div><\/figure><\/div><\/div><\/div><div id=\"\" class=\"module col-11 module-id-1674757140967\" data-module-col=\"11\"><div class=\"module-inside text-inside\" style=\"--top-mod: 20px;--bottom-mod: 10px;--top-mod-t: 20px;--bottom-mod-t: 10px;--top-mod-m:10px;--bottom-mod-m:10px;\" ><div class=\"text_block_out\"  data-effect=\"standard\" style=\"\"><div class=\"text_block ux-mod-nobg\"><div class=\"text_block_inn\"><div id=\"text-1674757140967\" class=\"text_block_centered text_block_centered_enable_width\"  style=\"\"><h4 style=\"text-align: right;\"><strong>Bernardo Carlomagno de Magalh\u00e3es<\/strong><\/h4>\n<p style=\"text-align: right;\">Arquiteto<\/p><\/div><\/div><\/div><\/div><\/div><\/div><div id=\"\" class=\"module col-8 module-id-167475714193 col-offset-3\" data-module-col=\"8\"><div class=\"module-inside text-inside\" style=\"--top-mod: 20px;--bottom-mod: 0px;--top-mod-t: 20px;--bottom-mod-t: 0px;--top-mod-m:10px;--bottom-mod-m:0px;\" ><div class=\"text_block_out\"  data-effect=\"standard\" style=\"\"><div class=\"text_block ux-mod-nobg\"><div class=\"text_block_inn\"><div id=\"text-167475714193\" class=\"text_block_centered text_block_centered_enable_width\"  style=\"\"><p style=\"text-align: justify;\"><span style=\"font-weight: 400;\">Arquiteto | Uniritter (Porto Alegre -2002), designer gr\u00e1fico | Escola Massana (Barcelona &#8211; 2006), programa Erasmus &#8211; Landscape Architecture | Aho (Oslo -2006), mestrado &#8211; planejamento urbano e regional | UPC (Barcelona-2007).<\/span><\/p>\n<p style=\"text-align: justify;\">&nbsp;<\/p>\n<p style=\"text-align: justify;\"><span style=\"font-weight: 400;\">Profissional com mais de 20 anos de experi\u00eancia dedicado aos diversos campos da arquitetura &#8211; residencial, comercial e ef\u00eamera. A sua trajet\u00f3ria est\u00e1 marcada por trabalhos realizados no Brasil, Am\u00e9rica do Norte e Europa. O Reflexo de tamanha educa\u00e7\u00e3o multidisciplinar incide diretamente no seu trabalho di\u00e1rio, buscando atender a projetos de diferentes escalas e complexidades.<\/span><\/p><\/div><\/div><\/div><\/div><\/div><\/div><div id=\"\" class=\"module col-1 module-id-1676493620985 col-offset-10\" data-module-col=\"1\"><div class=\"module-inside social-media-inside\" style=\"--top-mod: 0px;--bottom-mod: 0px;--top-mod-t: 0px;--bottom-mod-t: 0px;--top-mod-m:0px;--bottom-mod-m:0px;\" ><div class=\"social-media-wrap ux-right ux-right-m ux-horizontal ux-horizontal-m\"><ul class=\"module-social module-social-link \"><li class=\"social-li\" ><a class=\"share\" href=\"https:\/\/www.linkedin.com\/in\/bernardomagalh%C3%A3es\/\" target=\"_blank\" rel=\"nofollow noopener noreferrer\"><span class=\"fa fa-linkedin fab\"><\/span><\/a><\/li><\/ul><\/div><\/div><\/div><div id=\"\" class=\"module col-7 module-id-1676477877990Rc6x3\" data-module-col=\"7\"><div class=\"module-inside single-image-inside\" style=\"--cornerRadius:0px 0px 0px 0px ; --top-mod: 40px;--bottom-mod: 0px;--top-mod-t: 40px;--bottom-mod-t: 0px;--top-mod-m:20px;--bottom-mod-m:0px;\" ><div class=\"single-image-out left-ux left-ux-m\"  ><figure class=\"single-image  bm-image-mouseover bm-gray-to-colored single-image-notfull   \" no><div class=\"ux-hover-wrap anima-wrap\" style=\"padding-top: 102.08333333333%;\"><span class=\"ux-hover-wrap-a\"><img loading=\"lazy\" decoding=\"async\" alt=\"fernanda\" class=\"single-image-img img1st lazy grayscale\" src=\"data:image\/gif;base64,R0lGODlhAQABAIAAAAAAAP\/\/\/yH5BAEAAAAALAAAAAABAAEAAAIBRAA7\" data-src=\"https:\/\/magarq.com\/wp-content\/uploads\/2023\/02\/fernanda.jpg\" data-srcset=\"https:\/\/magarq.com\/wp-content\/uploads\/2023\/02\/fernanda.jpg 1248w, https:\/\/magarq.com\/wp-content\/uploads\/2023\/02\/fernanda-294x300.jpg 294w, https:\/\/magarq.com\/wp-content\/uploads\/2023\/02\/fernanda-1003x1024.jpg 1003w, https:\/\/magarq.com\/wp-content\/uploads\/2023\/02\/fernanda-768x784.jpg 768w, https:\/\/magarq.com\/wp-content\/uploads\/2023\/02\/fernanda-350x357.jpg 350w, https:\/\/magarq.com\/wp-content\/uploads\/2023\/02\/fernanda-650x664.jpg 650w, https:\/\/magarq.com\/wp-content\/uploads\/2023\/02\/fernanda-1000x1021.jpg 1000w\" data-sizes=\"(max-width: 480px) 320px,(max-width: 767px) 500px,(max-width: 1248px) 100vw, 1248px\" width=\"1248\" height=\"1274\" \/><\/span><\/div><\/figure><\/div><\/div><\/div><div id=\"\" class=\"module col-6 module-id-1676477792853CZKY-\" data-module-col=\"6\"><div class=\"module-inside text-inside\" style=\"--top-mod: 20px;--bottom-mod: 10px;--top-mod-t: 20px;--bottom-mod-t: 10px;--top-mod-m:10px;--bottom-mod-m:10px;\" ><div class=\"text_block_out\"  data-effect=\"standard\" style=\"\"><div class=\"text_block ux-mod-nobg\"><div class=\"text_block_inn\"><div id=\"text-1676477792853CZKY-\" class=\"text_block_centered text_block_centered_enable_width\"  style=\"\"><h4 style=\"text-align: left;\"><strong>Fernanda Abarno Peres<\/strong><\/h4>\n<p>Arquiteta<\/p><\/div><\/div><\/div><\/div><\/div><\/div><div id=\"\" class=\"module col-7 module-id-1676477589099Mh9c5 col-offset-0\" data-module-col=\"7\"><div class=\"module-inside text-inside\" style=\"--top-mod: 20px;--bottom-mod: 0px;--top-mod-t: 20px;--bottom-mod-t: 0px;--top-mod-m:10px;--bottom-mod-m:0px;\" ><div class=\"text_block_out\"  data-effect=\"standard\" style=\"\"><div class=\"text_block ux-mod-nobg\"><div class=\"text_block_inn\"><div id=\"text-1676477589099Mh9c5\" class=\"text_block_centered text_block_centered_enable_width\"  style=\"\"><p style=\"text-align: justify;\"><span style=\"font-weight: 400;\">Nasceu em fam\u00edlia de artistas pl\u00e1sticos, tendo crescido em meio \u00e0s artes. Formou-se em Arquitetura e Urbanismo em 2007 na UniRitter e atua na \u00e1rea desde 2001. <\/span><span style=\"font-weight: 400;\">De 2010 a 2012, residiu na Inglaterra, onde fez cursos na \u00e1rea de arquitetura e design e viagens de estudo pela Europa.<\/span><\/p>\n<p style=\"text-align: justify;\">&nbsp;<\/p>\n<p style=\"text-align: justify;\"><span style=\"font-weight: 400;\">De volta a&nbsp; Porto Alegre, retomou o escrit\u00f3rio onde, at\u00e9 hoje, desenvolve projetos de arquitetura, de interiores, residenciais, comerciais, ef\u00eameros, expositivos, cenogr\u00e1ficos, assim como acompanha a execu\u00e7\u00e3o de obras. Atua tanto no RS, quanto em outros estados do Brasil e tamb\u00e9m no exterior.<\/span><\/p><\/div><\/div><\/div><\/div><\/div><\/div><div id=\"\" class=\"module col-7 module-id-1677265216439\" data-module-col=\"7\"><div class=\"module-inside social-media-inside\" style=\"--top-mod: 0px;--bottom-mod: 0px;--top-mod-t: 0px;--bottom-mod-t: 0px;--top-mod-m:0px;--bottom-mod-m:0px;\" ><div class=\"social-media-wrap ux-left ux-left-m ux-horizontal ux-horizontal-m\"><ul class=\"module-social\"><li class=\"social-li\" ><a class=\"share postshareicon-linkedin-wrap\" href=\"javascript:void(0)\" onclick=\"window.open(&#039;http:\/\/www.linkedin.com\/shareArticle?mini=true&amp;url=https:\/\/magarq.com\/?page_id=474&#039;,&#039;Linked In&#039;,&#039;width=863,height=500,left=&#039;+(screen.availWidth\/2-431)+&#039;,top=&#039;+(screen.availHeight\/2-250)+&#039;&#039;); return false;\"><span class=\"fa fab fa-linkedin postshareicon-linkedin\"><\/span><\/a><\/li><\/ul><\/div><\/div><\/div><div id=\"\" class=\"module col-3 module-id-1676634762807uANEf col-offset-8\" data-module-col=\"3\"><div class=\"module-inside single-image-inside\" style=\"--cornerRadius:0px 0px 0px 0px ; --top-mod: 80px;--bottom-mod: 0px;--top-mod-t: 80px;--bottom-mod-t: 0px;--top-mod-m:40px;--bottom-mod-m:0px;\" ><div class=\"single-image-out right-ux right-ux-m\"  ><figure class=\"single-image  bm-image-mouseover bm-gray-to-colored single-image-notfull   \" no><div class=\"ux-hover-wrap anima-wrap\" style=\"padding-top: 100%;\"><span class=\"ux-hover-wrap-a\"><img loading=\"lazy\" decoding=\"async\" alt=\"Anete Abarno 2\" class=\"single-image-img img1st lazy grayscale\" src=\"data:image\/gif;base64,R0lGODlhAQABAIAAAAAAAP\/\/\/yH5BAEAAAAALAAAAAABAAEAAAIBRAA7\" data-src=\"https:\/\/magarq.com\/wp-content\/uploads\/2023\/02\/Anete-Abarno-2.jpg\" data-srcset=\"https:\/\/magarq.com\/wp-content\/uploads\/2023\/02\/Anete-Abarno-2.jpg 640w, https:\/\/magarq.com\/wp-content\/uploads\/2023\/02\/Anete-Abarno-2-300x300.jpg 300w, https:\/\/magarq.com\/wp-content\/uploads\/2023\/02\/Anete-Abarno-2-150x150.jpg 150w, https:\/\/magarq.com\/wp-content\/uploads\/2023\/02\/Anete-Abarno-2-350x350.jpg 350w\" data-sizes=\"(max-width: 480px) 320px,(max-width: 767px) 500px,(max-width: 640px) 100vw, 640px\" width=\"640\" height=\"640\" \/><\/span><\/div><\/figure><\/div><\/div><\/div><div id=\"\" class=\"module col-11 module-id-1676634980117SdU6v\" data-module-col=\"11\"><div class=\"module-inside text-inside\" style=\"--top-mod: 20px;--bottom-mod: 10px;--top-mod-t: 20px;--bottom-mod-t: 10px;--top-mod-m:10px;--bottom-mod-m:10px;\" ><div class=\"text_block_out\"  data-effect=\"standard\" style=\"\"><div class=\"text_block ux-mod-nobg\"><div class=\"text_block_inn\"><div id=\"text-1676634980117SdU6v\" class=\"text_block_centered text_block_centered_enable_width\"  style=\"\"><h4 style=\"text-align: right;\"><strong>Anete Abarno<\/strong><\/h4>\n<p style=\"text-align: right;\">Artista Pl\u00e1stica<\/p><\/div><\/div><\/div><\/div><\/div><\/div><div id=\"\" class=\"module col-8 module-id-1676634908295EVaiB col-offset-3\" data-module-col=\"8\"><div class=\"module-inside text-inside\" style=\"--top-mod: 20px;--bottom-mod: 0px;--top-mod-t: 20px;--bottom-mod-t: 0px;--top-mod-m:10px;--bottom-mod-m:0px;\" ><div class=\"text_block_out\"  data-effect=\"standard\" style=\"\"><div class=\"text_block ux-mod-nobg\"><div class=\"text_block_inn\"><div id=\"text-1676634908295EVaiB\" class=\"text_block_centered text_block_centered_enable_width\"  style=\"\"><p style=\"text-align: justify;\"><span style=\"font-weight: 400;\">Nasceu em Porto Alegre e graduou-se no Instituto de Artes da Universidade Federal do Rio Grande do Sul em 1976. Professora, curadora e designer gr\u00e1fico e de exposi\u00e7\u00f5es. De 1980 a 2003, foi Instrutora de Artes no Atelier Livre da Prefeitura. De 2010 a 2016, foi Coordenadora de Artes Pl\u00e1sticas da Secretaria da Cultura da Prefeitura Municipal de Porto Alegre.<\/span><\/p>\n<p style=\"text-align: justify;\">&nbsp;<\/p>\n<p style=\"text-align: justify;\"><span style=\"font-weight: 400;\">Recebeu o 1\u00ba Lugar do Pr\u00eamio Philips de Arte em 1994, com exposi\u00e7\u00e3o no MASP, em&nbsp; S\u00e3o Paulo. Participa de exposi\u00e7\u00f5es no Brasil e no exterior, possui diversas publica\u00e7\u00f5es e tamb\u00e9m obras em acervo no Museu D\u2019Art de Girona, na Espanha; no Museu de Arte do Rio Grande do Sul Ado Malagoli e na Pinacoteca Aldo Locatelli da Prefeitura Municipal de Porto Alegre, entre outros. Trabalha e reside na capital ga\u00facha.<\/span><\/p><\/div><\/div><\/div><\/div><\/div><\/div><div id=\"\" class=\"module col-1 module-id-1676635071348EY5pR col-offset-10\" data-module-col=\"1\"><div class=\"module-inside social-media-inside\" style=\"--top-mod: 0px;--bottom-mod: 0px;--top-mod-t: 0px;--bottom-mod-t: 0px;--top-mod-m:0px;--bottom-mod-m:0px;\" ><div class=\"social-media-wrap ux-right ux-right-m ux-horizontal ux-horizontal-m\"><ul class=\"module-social module-social-link \"><li class=\"social-li\" ><a class=\"share\" href=\"https:\/\/www.linkedin.com\/in\/bernardomagalh%C3%A3es\/\" target=\"_blank\" rel=\"nofollow noopener noreferrer\"><span class=\"fa fa-linkedin fab\"><\/span><\/a><\/li><\/ul><\/div><\/div><\/div><\/div>","protected":false},"excerpt":{"rendered":"<p>Sobre n\u00f3s &nbsp; Al\u00e9m de desenvolver projetos de arquitetura e &hellip;<\/p>\n","protected":false},"author":1,"featured_media":0,"parent":0,"menu_order":0,"comment_status":"closed","ping_status":"closed","template":"","meta":{"footnotes":""},"class_list":["post-474","page","type-page","status-publish","hentry"],"_links":{"self":[{"href":"https:\/\/magarq.com\/index.php?rest_route=\/wp\/v2\/pages\/474","targetHints":{"allow":["GET"]}}],"collection":[{"href":"https:\/\/magarq.com\/index.php?rest_route=\/wp\/v2\/pages"}],"about":[{"href":"https:\/\/magarq.com\/index.php?rest_route=\/wp\/v2\/types\/page"}],"author":[{"embeddable":true,"href":"https:\/\/magarq.com\/index.php?rest_route=\/wp\/v2\/users\/1"}],"replies":[{"embeddable":true,"href":"https:\/\/magarq.com\/index.php?rest_route=%2Fwp%2Fv2%2Fcomments&post=474"}],"version-history":[{"count":2,"href":"https:\/\/magarq.com\/index.php?rest_route=\/wp\/v2\/pages\/474\/revisions"}],"predecessor-version":[{"id":485,"href":"https:\/\/magarq.com\/index.php?rest_route=\/wp\/v2\/pages\/474\/revisions\/485"}],"wp:attachment":[{"href":"https:\/\/magarq.com\/index.php?rest_route=%2Fwp%2Fv2%2Fmedia&parent=474"}],"curies":[{"name":"wp","href":"https:\/\/api.w.org\/{rel}","templated":true}]}}