{"id":975,"date":"2023-02-15T17:14:24","date_gmt":"2023-02-15T17:14:24","guid":{"rendered":"https:\/\/magarq.com\/?page_id=975"},"modified":"2023-03-03T18:08:52","modified_gmt":"2023-03-03T18:08:52","slug":"publicacoes","status":"publish","type":"page","link":"https:\/\/magarq.com\/?page_id=975","title":{"rendered":"Publica\u00e7\u00f5es"},"content":{"rendered":"<p>10 | 2022<\/p>\n<p><a href=\"https:\/\/www.youtube.com\/watch?v=GJZ7h_QFn4Y\"><strong>Entrevista Tupinikim<\/strong><\/a>\u00a0 R\u00e1dio Arquitetura<\/p>\n<p>11 | 2016<\/p>\n<p><a href=\"https:\/\/imagespublishing.com\/us\/book\/bakery-design\/\"><strong>Publica\u00e7\u00e3o livro<\/strong><\/a>\u00a0 Bakery Design<\/p>\n<p>03 | 2015<\/p>\n<p><strong><a href=\"https:\/\/www.amazon.com\/First-Impressions-Shopfront-Design-Ideas\/dp\/9881296897\">Publica\u00e7\u00e3o livro<\/a>\u00a0 <\/strong>First Impression: Shopfrtont Design Ideas<\/p>\n<p>https:\/\/www.youtube.com\/watch?v=GJZ7h_QFn4Y\t\t<\/p>\n<style>\/*! elementor - v3.9.1 - 14-12-2022 *\/\n.elementor-widget-image{text-align:center}.elementor-widget-image a{display:inline-block}.elementor-widget-image a img[src$=\".svg\"]{width:48px}.elementor-widget-image img{vertical-align:middle;display:inline-block}<\/style>\n<p>\t\t\t\t\t\t\t\t\t\t\t\t\t<a href=\"https:\/\/imagespublishing.com\/us\/book\/bakery-design\/\"><br \/>\n\t\t\t\t\t\t\t<img decoding=\"async\" width=\"231\" height=\"300\" src=\"http:\/\/magarq.com\/wp-content\/uploads\/2023\/03\/Capa-Livros-Mesmo-tamanho-02-231x300.jpeg\" alt=\"\" loading=\"lazy\" srcset=\"https:\/\/magarq.com\/wp-content\/uploads\/2023\/03\/Capa-Livros-Mesmo-tamanho-02-231x300.jpeg 231w, https:\/\/magarq.com\/wp-content\/uploads\/2023\/03\/Capa-Livros-Mesmo-tamanho-02-350x454.jpeg 350w, https:\/\/magarq.com\/wp-content\/uploads\/2023\/03\/Capa-Livros-Mesmo-tamanho-02.jpeg 600w\" sizes=\"auto, (max-width: 231px) 100vw, 231px\" \/>\t\t\t\t\t\t\t\t<\/a><br \/>\n\t\t\t\t\t\t\t\t\t\t\t\t\t\t\t\t<a href=\"https:\/\/www.amazon.com\/First-Impressions-Shopfront-Design-Ideas\/dp\/9881296897\"><br \/>\n\t\t\t\t\t\t\t<img decoding=\"async\" width=\"240\" height=\"300\" src=\"http:\/\/magarq.com\/wp-content\/uploads\/2023\/03\/Capa-Livros-Mesmo-tamanho-01-240x300.jpg\" alt=\"\" loading=\"lazy\" srcset=\"https:\/\/magarq.com\/wp-content\/uploads\/2023\/03\/Capa-Livros-Mesmo-tamanho-01-240x300.jpg 240w, https:\/\/magarq.com\/wp-content\/uploads\/2023\/03\/Capa-Livros-Mesmo-tamanho-01-821x1024.jpg 821w, https:\/\/magarq.com\/wp-content\/uploads\/2023\/03\/Capa-Livros-Mesmo-tamanho-01-768x958.jpg 768w, https:\/\/magarq.com\/wp-content\/uploads\/2023\/03\/Capa-Livros-Mesmo-tamanho-01-1231x1536.jpg 1231w, https:\/\/magarq.com\/wp-content\/uploads\/2023\/03\/Capa-Livros-Mesmo-tamanho-01-1642x2048.jpg 1642w, https:\/\/magarq.com\/wp-content\/uploads\/2023\/03\/Capa-Livros-Mesmo-tamanho-01-350x437.jpg 350w, https:\/\/magarq.com\/wp-content\/uploads\/2023\/03\/Capa-Livros-Mesmo-tamanho-01-650x811.jpg 650w, https:\/\/magarq.com\/wp-content\/uploads\/2023\/03\/Capa-Livros-Mesmo-tamanho-01-1000x1248.jpg 1000w, https:\/\/magarq.com\/wp-content\/uploads\/2023\/03\/Capa-Livros-Mesmo-tamanho-01-2000x2495.jpg 2000w\" sizes=\"auto, (max-width: 240px) 100vw, 240px\" \/>\t\t\t\t\t\t\t\t<\/a><\/p>\n<p>Programa Trajet\u00f3ria &#8211; Edi\u00e7\u00e3o Especial Mostra Elite Design<\/p>\n<p>Apresenta\u00e7\u00e3o: Alexandre Sebold | Jornalista | R\u00e1dio Arquitetura<\/p>\n<p>Convidada: Fernanda Abarno Peres | Arquiteta e Urbanista (Tupinikim | Arquitetura e Arte)<\/p>\n<p>(Author) Athanasios Tzokas\u00a0<\/p>\n<p>Stefano Tordiglione<\/p>\n<p>Design Media Publishing (UK) Limited (March 1, 2015)<\/p>\n<p>Livro: First Impressions: Shopfront Design Ideas<\/p>\n<p>Editora: Design Media Publishing Limited | Diretor Criativo: Stefano Tordiglioni<\/p>\n<p>07 | 2015<\/p>\n<p><a href=\"https:\/\/cipatex.com.br\/blog\/\"><strong>Entrevista<\/strong><\/a>\u00a0 Blog Cipatex<\/p>\n<p>05 | 2014<\/p>\n<p><strong>Entrevista<\/strong>\u00a0 Bernardo<\/p>\n<p>10 | 2013<\/p>\n<p><a href=\"https:\/\/www.archdaily.com\/435410\/padarie-crio-arquiteturas?ad_medium=office_landing&amp;ad_name=article\"><strong>Pr\u00eamio<\/strong><\/a>\u00a0 Padarie<\/p>\n<p>\t\t\t\t\t\t\t\t\t\t\t\t\t\t\t<img decoding=\"async\" width=\"300\" height=\"264\" src=\"http:\/\/magarq.com\/wp-content\/uploads\/2023\/03\/Foto-PUBLICACAO-Cipatex-300x264.jpg\" alt=\"\" loading=\"lazy\" srcset=\"https:\/\/magarq.com\/wp-content\/uploads\/2023\/03\/Foto-PUBLICACAO-Cipatex-300x264.jpg 300w, https:\/\/magarq.com\/wp-content\/uploads\/2023\/03\/Foto-PUBLICACAO-Cipatex-350x308.jpg 350w, https:\/\/magarq.com\/wp-content\/uploads\/2023\/03\/Foto-PUBLICACAO-Cipatex.jpg 358w\" sizes=\"auto, (max-width: 300px) 100vw, 300px\" \/><br \/>\n\t\t<iframe loading=\"lazy\" title=\"Padarie - Entrevista\" width=\"500\" height=\"281\" src=\"https:\/\/www.youtube.com\/embed\/c4IzYtMTK2A?feature=oembed\" frameborder=\"0\" allow=\"accelerometer; autoplay; clipboard-write; encrypted-media; gyroscope; picture-in-picture; web-share\" referrerpolicy=\"strict-origin-when-cross-origin\" allowfullscreen><\/iframe><br \/>\n\t\t\t\t\t\t\t\t\t\t\t\t\t\t\t\t<a href=\"https:\/\/www.archdaily.com\/435410\/padarie-crio-arquiteturas?ad_medium=office_landing&#038;ad_name=article\"><br \/>\n\t\t\t\t\t\t\t<img decoding=\"async\" width=\"768\" height=\"293\" src=\"http:\/\/magarq.com\/wp-content\/uploads\/2022\/12\/13403154_1550059465299770_4888708388315674796_o-768x293.jpeg\" alt=\"\" loading=\"lazy\" srcset=\"https:\/\/magarq.com\/wp-content\/uploads\/2022\/12\/13403154_1550059465299770_4888708388315674796_o-768x293.jpeg 768w, https:\/\/magarq.com\/wp-content\/uploads\/2022\/12\/13403154_1550059465299770_4888708388315674796_o-300x114.jpeg 300w, https:\/\/magarq.com\/wp-content\/uploads\/2022\/12\/13403154_1550059465299770_4888708388315674796_o-1024x390.jpeg 1024w, https:\/\/magarq.com\/wp-content\/uploads\/2022\/12\/13403154_1550059465299770_4888708388315674796_o-1536x585.jpeg 1536w, https:\/\/magarq.com\/wp-content\/uploads\/2022\/12\/13403154_1550059465299770_4888708388315674796_o-2048x781.jpeg 2048w, https:\/\/magarq.com\/wp-content\/uploads\/2022\/12\/13403154_1550059465299770_4888708388315674796_o-350x133.jpeg 350w, https:\/\/magarq.com\/wp-content\/uploads\/2022\/12\/13403154_1550059465299770_4888708388315674796_o-scaled-airtheme-standard-thumb-650x248.jpeg 650w, https:\/\/magarq.com\/wp-content\/uploads\/2022\/12\/13403154_1550059465299770_4888708388315674796_o-scaled-airtheme-standard-thumb-medium-1000x381.jpeg 1000w, https:\/\/magarq.com\/wp-content\/uploads\/2022\/12\/13403154_1550059465299770_4888708388315674796_o-scaled-airtheme-standard-thumb-big-2000x763.jpeg 2000w\" sizes=\"auto, (max-width: 768px) 100vw, 768px\" \/>\t\t\t\t\t\t\t\t<\/a><\/p>\n<p><a href=\"https:\/\/cipatex.com.br\/blog\/\">Clique aqui<\/a> para ver a entrevista.<\/p>\n<p>Entrevista site Galeria Arquitetura<\/p>\n<p>Padarie concorreu ao pr\u00eamio &#8211; 100 Building of the Year Do Archdaily<\/p>\n","protected":false},"excerpt":{"rendered":"<p>10 | 2022 Entrevista Tupinikim\u00a0 R\u00e1dio Arquitetura 11 | 2016 &hellip;<\/p>\n","protected":false},"author":1,"featured_media":0,"parent":0,"menu_order":0,"comment_status":"closed","ping_status":"closed","template":"","meta":{"footnotes":""},"class_list":["post-975","page","type-page","status-publish","hentry"],"_links":{"self":[{"href":"https:\/\/magarq.com\/index.php?rest_route=\/wp\/v2\/pages\/975","targetHints":{"allow":["GET"]}}],"collection":[{"href":"https:\/\/magarq.com\/index.php?rest_route=\/wp\/v2\/pages"}],"about":[{"href":"https:\/\/magarq.com\/index.php?rest_route=\/wp\/v2\/types\/page"}],"author":[{"embeddable":true,"href":"https:\/\/magarq.com\/index.php?rest_route=\/wp\/v2\/users\/1"}],"replies":[{"embeddable":true,"href":"https:\/\/magarq.com\/index.php?rest_route=%2Fwp%2Fv2%2Fcomments&post=975"}],"version-history":[{"count":100,"href":"https:\/\/magarq.com\/index.php?rest_route=\/wp\/v2\/pages\/975\/revisions"}],"predecessor-version":[{"id":1190,"href":"https:\/\/magarq.com\/index.php?rest_route=\/wp\/v2\/pages\/975\/revisions\/1190"}],"wp:attachment":[{"href":"https:\/\/magarq.com\/index.php?rest_route=%2Fwp%2Fv2%2Fmedia&parent=975"}],"curies":[{"name":"wp","href":"https:\/\/api.w.org\/{rel}","templated":true}]}}